{"id":85319,"date":"2025-05-12T09:44:35","date_gmt":"2025-05-12T07:44:35","guid":{"rendered":"https:\/\/www.nexson-group.com\/productos\/intercambiadores-de-calor-de-circuito-impreso\/pche\/brochure-request-pche-en\/"},"modified":"2025-08-05T08:44:20","modified_gmt":"2025-08-05T06:44:20","slug":"solicitud-de-folleto-pche-en","status":"publish","type":"page","link":"https:\/\/www.nexson-group.com\/es\/productos\/intercambiadores-de-calor-de-circuito-impreso\/pche\/solicitud-de-folleto-pche-en\/","title":{"rendered":"Solicitud de folleto pche en"},"content":{"rendered":"\t\t<div data-elementor-type=\"wp-page\" data-elementor-id=\"85319\" class=\"elementor elementor-85319 elementor-68362\" data-elementor-post-type=\"page\">\n\t\t\t\t<div class=\"e-con-with-custom-width e-con-gap-no elementor-element elementor-element-41e7871 e-flex e-con-boxed sc_layouts_column_icons_position_left e-con e-parent\" data-id=\"41e7871\" data-element_type=\"container\" data-e-type=\"container\" data-settings=\"{&quot;background_background&quot;:&quot;classic&quot;}\">\n\t\t\t\t\t<div class=\"e-con-inner\">\n\t\t<div class=\"elementor-element elementor-element-25d4097 e-con-full e-flex sc_layouts_column_icons_position_left e-con e-child\" data-id=\"25d4097\" data-element_type=\"container\" data-e-type=\"container\">\n\t\t\t\t<div class=\"elementor-element elementor-element-b1d90da elementor-widget__width-inherit sc_fly_static elementor-widget elementor-widget-heading\" data-id=\"b1d90da\" data-element_type=\"widget\" data-e-type=\"widget\" data-widget_type=\"heading.default\">\n\t\t\t\t\t<h1 class=\"elementor-heading-title elementor-size-default\">SOLICITUD DE FOLLETO<\/h1>\t\t\t\t<\/div>\n\t\t\t\t<div class=\"elementor-element elementor-element-7cf8e5c elementor-widget__width-inherit sc_fly_static elementor-widget elementor-widget-heading\" data-id=\"7cf8e5c\" data-element_type=\"widget\" data-e-type=\"widget\" data-widget_type=\"heading.default\">\n\t\t\t\t\t<h1 class=\"elementor-heading-title elementor-size-default\">PCHE EN<\/h1>\t\t\t\t<\/div>\n\t\t\t\t<\/div>\n\t\t<div class=\"elementor-element elementor-element-27bbfb6 e-con-full e-flex sc_layouts_column_icons_position_left e-con e-child\" data-id=\"27bbfb6\" data-element_type=\"container\" data-e-type=\"container\">\n\t\t\t\t<div class=\"elementor-element elementor-element-7b9afbd elementor-view-default sc_fly_static elementor-widget elementor-widget-icon\" data-id=\"7b9afbd\" data-element_type=\"widget\" data-e-type=\"widget\" data-widget_type=\"icon.default\">\n\t\t\t\t\t\t\t<div class=\"elementor-icon-wrapper\">\n\t\t\t<div class=\"elementor-icon\">\n\t\t\t<i aria-hidden=\"true\" class=\"fas fa-chevron-down\"><\/i>\t\t\t<\/div>\n\t\t<\/div>\n\t\t\t\t\t\t<\/div>\n\t\t\t\t<\/div>\n\t\t\t\t\t<\/div>\n\t\t\t\t<\/div>\n\t\t<div class=\"elementor-element elementor-element-8c1dd13 e-flex e-con-boxed sc_layouts_column_icons_position_left e-con e-parent\" data-id=\"8c1dd13\" data-element_type=\"container\" data-e-type=\"container\">\n\t\t\t\t\t<div class=\"e-con-inner\">\n\t\t\t\t<div class=\"elementor-element elementor-element-94ac1b3 sc_height_large sc_fly_static elementor-widget elementor-widget-spacer\" data-id=\"94ac1b3\" data-element_type=\"widget\" data-e-type=\"widget\" data-widget_type=\"spacer.default\">\n\t\t\t\t\t\t\t<div class=\"elementor-spacer\">\n\t\t\t<div class=\"elementor-spacer-inner\"><\/div>\n\t\t<\/div>\n\t\t\t\t\t\t<\/div>\n\t\t\t\t\t<\/div>\n\t\t\t\t<\/div>\n\t\t<div class=\"elementor-element elementor-element-e2eea29 e-flex e-con-boxed sc_layouts_column_icons_position_left e-con e-parent\" data-id=\"e2eea29\" data-element_type=\"container\" data-e-type=\"container\">\n\t\t\t\t\t<div class=\"e-con-inner\">\n\t\t\t\t<div class=\"elementor-element elementor-element-3616628 sc_fly_static elementor-widget elementor-widget-shortcode\" data-id=\"3616628\" data-element_type=\"widget\" data-e-type=\"widget\" data-widget_type=\"shortcode.default\">\n\t\t\t\t\t\t\t<div class=\"elementor-shortcode\"><center>\n<div class=\"wpcf7 no-js\" id=\"wpcf7-f85322-o1\" lang=\"es-ES\" dir=\"ltr\" data-wpcf7-id=\"85322\">\n<div class=\"screen-reader-response\"><p role=\"status\" aria-live=\"polite\" aria-atomic=\"true\"><\/p> <ul><\/ul><\/div>\n<form action=\"\/es\/wp-json\/wp\/v2\/pages\/85319#wpcf7-f85322-o1\" method=\"post\" class=\"wpcf7-form init\" aria-label=\"Formulario de contacto\" novalidate=\"novalidate\" data-status=\"init\">\n<fieldset class=\"hidden-fields-container\"><input type=\"hidden\" name=\"_wpcf7\" value=\"85322\" \/><input type=\"hidden\" name=\"_wpcf7_version\" value=\"6.1.5\" \/><input type=\"hidden\" name=\"_wpcf7_locale\" value=\"es_ES\" \/><input type=\"hidden\" name=\"_wpcf7_unit_tag\" value=\"wpcf7-f85322-o1\" \/><input type=\"hidden\" name=\"_wpcf7_container_post\" value=\"0\" \/><input type=\"hidden\" name=\"_wpcf7_posted_data_hash\" value=\"\" \/>\n<\/fieldset>\n<div class=\"wpcf7-turnstile cf-turnstile\" data-sitekey=\"0x4AAAAAAB74NaeIvOSZBUsn\" data-response-field-name=\"_wpcf7_turnstile_response\"><\/div>\n\n<p><span class=\"wpcf7-form-control-wrap\" data-name=\"COUNTRY\"><input size=\"40\" maxlength=\"400\" class=\"wpcf7-form-control wpcf7-text wpcf7-validates-as-required full\" aria-required=\"true\" aria-invalid=\"false\" placeholder=\"PA\u00cdS*\" value=\"\" type=\"text\" name=\"COUNTRY\" \/><\/span><br \/>\n<span class=\"wpcf7-form-control-wrap\" data-name=\"LASTNAME\"><input size=\"40\" maxlength=\"400\" class=\"wpcf7-form-control wpcf7-text wpcf7-validates-as-required full\" aria-required=\"true\" aria-invalid=\"false\" placeholder=\"APELLIDO*\" value=\"\" type=\"text\" name=\"LASTNAME\" \/><\/span><br \/>\n<span class=\"wpcf7-form-control-wrap\" data-name=\"FIRSTNAME\"><input size=\"40\" maxlength=\"400\" class=\"wpcf7-form-control wpcf7-text wpcf7-validates-as-required full\" aria-required=\"true\" aria-invalid=\"false\" placeholder=\"NOMBRE*\" value=\"\" type=\"text\" name=\"FIRSTNAME\" \/><\/span><br \/>\n<span class=\"wpcf7-form-control-wrap\" data-name=\"EMAIL\"><input size=\"40\" maxlength=\"400\" class=\"wpcf7-form-control wpcf7-email wpcf7-validates-as-required wpcf7-text wpcf7-validates-as-email full\" aria-required=\"true\" aria-invalid=\"false\" placeholder=\"EMAIL*\" value=\"\" type=\"email\" name=\"EMAIL\" \/><\/span><br \/>\n<span class=\"wpcf7-form-control-wrap\" data-name=\"SOCIETE\"><input size=\"40\" maxlength=\"400\" class=\"wpcf7-form-control wpcf7-text wpcf7-validates-as-required full\" aria-required=\"true\" aria-invalid=\"false\" placeholder=\"EMPRESA*\" value=\"\" type=\"text\" name=\"SOCIETE\" \/><\/span><br \/>\n\u00bfC\u00f3mo nos conociste?<br \/>\n<span class=\"wpcf7-form-control-wrap\" data-name=\"CANAL\"><span class=\"wpcf7-form-control wpcf7-checkbox wpcf7-exclusive-checkbox\"><span class=\"wpcf7-list-item first\"><input type=\"checkbox\" name=\"CANAL\" value=\"Search engine (Google, Bing, etc.)\" \/><span class=\"wpcf7-list-item-label\">Search engine (Google, Bing, etc.)<\/span><\/span><span class=\"wpcf7-list-item\"><input type=\"checkbox\" name=\"CANAL\" value=\"LinkedIn\" \/><span class=\"wpcf7-list-item-label\">LinkedIn<\/span><\/span><span class=\"wpcf7-list-item last\"><input type=\"checkbox\" name=\"CANAL\" value=\"Exhibitions\" \/><span class=\"wpcf7-list-item-label\">Exhibitions<\/span><\/span><\/span><\/span><br \/>\n<span id=\"wpcf7-6a08279769557-wrapper\" class=\"wpcf7-form-control-wrap honeypot-311-wrap\" style=\"display:none !important; visibility:hidden !important;\"><input type=\"hidden\" name=\"honeypot-311-time-start\" value=\"1778919319\"><input type=\"hidden\" name=\"honeypot-311-time-check\" value=\"4\"><label for=\"wpcf7-6a08279769557-field\" class=\"hp-message\">Por favor, deja este campo vac\u00edo.<\/label><input id=\"wpcf7-6a08279769557-field\"  class=\"wpcf7-form-control wpcf7-text\" type=\"text\" name=\"honeypot-311\" value=\"\" size=\"40\" tabindex=\"-1\" autocomplete=\"off\" \/><\/span><br \/>\n<span class=\"wpcf7-form-control-wrap\" data-name=\"accept-marketing\"><span class=\"wpcf7-form-control wpcf7-acceptance optional\"><span class=\"wpcf7-list-item\"><label><input type=\"checkbox\" name=\"accept-marketing\" value=\"1\" aria-invalid=\"false\" \/><span class=\"wpcf7-list-item-label\">\u00bfAcepta formar parte de la lista de contactos de marketing de Nexson Group?<\/span><\/label><\/span><\/span><\/span>\n<\/p>\n<p><input class=\"wpcf7-form-control wpcf7-submit has-spinner\" type=\"submit\" value=\"Enviar\" \/>\n<\/p><div class=\"wpcf7-response-output\" aria-hidden=\"true\"><\/div>\n<\/form>\n<\/div>\n<\/div>\n\t\t\t\t\t\t<\/div>\n\t\t\t\t\t<\/div>\n\t\t\t\t<\/div>\n\t\t<div class=\"elementor-element elementor-element-6a2c5c8 e-flex e-con-boxed sc_layouts_column_icons_position_left e-con e-parent\" data-id=\"6a2c5c8\" data-element_type=\"container\" data-e-type=\"container\">\n\t\t\t\t\t<div class=\"e-con-inner\">\n\t\t\t\t<div class=\"elementor-element elementor-element-02a910a sc_height_large sc_fly_static elementor-widget elementor-widget-spacer\" data-id=\"02a910a\" data-element_type=\"widget\" data-e-type=\"widget\" data-widget_type=\"spacer.default\">\n\t\t\t\t\t\t\t<div class=\"elementor-spacer\">\n\t\t\t<div class=\"elementor-spacer-inner\"><\/div>\n\t\t<\/div>\n\t\t\t\t\t\t<\/div>\n\t\t\t\t\t<\/div>\n\t\t\t\t<\/div>\n\t\t\t\t<\/div>\n\t\t","protected":false},"excerpt":{"rendered":"<p>Solicitud de folleto pche en<\/p>\n","protected":false},"author":2,"featured_media":84470,"parent":85317,"menu_order":0,"comment_status":"closed","ping_status":"closed","template":"elementor_header_footer","meta":{"inline_featured_image":false,"footnotes":""},"class_list":["post-85319","page","type-page","status-publish","has-post-thumbnail","hentry"],"yoast_head":"<!-- This site is optimized with the Yoast SEO plugin v27.6 - https:\/\/yoast.com\/product\/yoast-seo-wordpress\/ -->\n<title>Solicitud de folleto pche en - nexson group<\/title>\n<meta name=\"robots\" content=\"index, follow, max-snippet:-1, max-image-preview:large, max-video-preview:-1\" \/>\n<link rel=\"canonical\" href=\"https:\/\/www.nexson-group.com\/es\/productos\/intercambiadores-de-calor-de-circuito-impreso\/pche\/solicitud-de-folleto-pche-en\/\" \/>\n<meta property=\"og:locale\" content=\"es_ES\" \/>\n<meta property=\"og:type\" content=\"article\" \/>\n<meta property=\"og:title\" content=\"SOLICITUD DE FOLLETO PCHE EN - Nexson Group\" \/>\n<meta property=\"og:description\" content=\"Solicitud de folleto pche en\" \/>\n<meta property=\"og:url\" content=\"https:\/\/www.nexson-group.com\/es\/productos\/intercambiadores-de-calor-de-circuito-impreso\/pche\/solicitud-de-folleto-pche-en\/\" \/>\n<meta property=\"og:site_name\" content=\"Nexson Group\" \/>\n<meta property=\"article:modified_time\" content=\"2025-08-05T06:44:20+00:00\" \/>\n<meta property=\"og:image\" content=\"https:\/\/www.nexson-group.com\/wp-content\/uploads\/2025\/05\/PCHE-scaled.jpg\" \/>\n\t<meta property=\"og:image:width\" content=\"2327\" \/>\n\t<meta property=\"og:image:height\" content=\"2560\" \/>\n\t<meta property=\"og:image:type\" content=\"image\/jpeg\" \/>\n<meta name=\"twitter:card\" content=\"summary_large_image\" \/>\n<meta name=\"twitter:label1\" content=\"Tiempo de lectura\" \/>\n\t<meta name=\"twitter:data1\" content=\"1 minuto\" \/>\n<script type=\"application\/ld+json\" class=\"yoast-schema-graph\">{\"@context\":\"https:\\\/\\\/schema.org\",\"@graph\":[{\"@type\":\"WebPage\",\"@id\":\"https:\\\/\\\/www.nexson-group.com\\\/es\\\/productos\\\/intercambiadores-de-calor-de-circuito-impreso\\\/pche\\\/solicitud-de-folleto-pche-en\\\/\",\"url\":\"https:\\\/\\\/www.nexson-group.com\\\/es\\\/productos\\\/intercambiadores-de-calor-de-circuito-impreso\\\/pche\\\/solicitud-de-folleto-pche-en\\\/\",\"name\":\"SOLICITUD DE FOLLETO PCHE EN - Nexson Group\",\"isPartOf\":{\"@id\":\"https:\\\/\\\/www.nexson-group.com\\\/es\\\/#website\"},\"primaryImageOfPage\":{\"@id\":\"https:\\\/\\\/www.nexson-group.com\\\/es\\\/productos\\\/intercambiadores-de-calor-de-circuito-impreso\\\/pche\\\/solicitud-de-folleto-pche-en\\\/#primaryimage\"},\"image\":{\"@id\":\"https:\\\/\\\/www.nexson-group.com\\\/es\\\/productos\\\/intercambiadores-de-calor-de-circuito-impreso\\\/pche\\\/solicitud-de-folleto-pche-en\\\/#primaryimage\"},\"thumbnailUrl\":\"https:\\\/\\\/www.nexson-group.com\\\/wp-content\\\/uploads\\\/2025\\\/05\\\/PCHE-scaled.jpg\",\"datePublished\":\"2025-05-12T07:44:35+00:00\",\"dateModified\":\"2025-08-05T06:44:20+00:00\",\"breadcrumb\":{\"@id\":\"https:\\\/\\\/www.nexson-group.com\\\/es\\\/productos\\\/intercambiadores-de-calor-de-circuito-impreso\\\/pche\\\/solicitud-de-folleto-pche-en\\\/#breadcrumb\"},\"inLanguage\":\"es\",\"potentialAction\":[{\"@type\":\"ReadAction\",\"target\":[\"https:\\\/\\\/www.nexson-group.com\\\/es\\\/productos\\\/intercambiadores-de-calor-de-circuito-impreso\\\/pche\\\/solicitud-de-folleto-pche-en\\\/\"]}]},{\"@type\":\"ImageObject\",\"inLanguage\":\"es\",\"@id\":\"https:\\\/\\\/www.nexson-group.com\\\/es\\\/productos\\\/intercambiadores-de-calor-de-circuito-impreso\\\/pche\\\/solicitud-de-folleto-pche-en\\\/#primaryimage\",\"url\":\"https:\\\/\\\/www.nexson-group.com\\\/wp-content\\\/uploads\\\/2025\\\/05\\\/PCHE-scaled.jpg\",\"contentUrl\":\"https:\\\/\\\/www.nexson-group.com\\\/wp-content\\\/uploads\\\/2025\\\/05\\\/PCHE-scaled.jpg\",\"width\":2327,\"height\":2560,\"caption\":\"PCHE\"},{\"@type\":\"BreadcrumbList\",\"@id\":\"https:\\\/\\\/www.nexson-group.com\\\/es\\\/productos\\\/intercambiadores-de-calor-de-circuito-impreso\\\/pche\\\/solicitud-de-folleto-pche-en\\\/#breadcrumb\",\"itemListElement\":[{\"@type\":\"ListItem\",\"position\":1,\"name\":\"Accueil\",\"item\":\"https:\\\/\\\/www.nexson-group.com\\\/es\\\/home\\\/\"},{\"@type\":\"ListItem\",\"position\":2,\"name\":\"SOLICITUD DE FOLLETO PCHE EN\"}]},{\"@type\":\"WebSite\",\"@id\":\"https:\\\/\\\/www.nexson-group.com\\\/es\\\/#website\",\"url\":\"https:\\\/\\\/www.nexson-group.com\\\/es\\\/\",\"name\":\"Nexson Group\",\"description\":\"\",\"publisher\":{\"@id\":\"https:\\\/\\\/www.nexson-group.com\\\/es\\\/#organization\"},\"potentialAction\":[{\"@type\":\"SearchAction\",\"target\":{\"@type\":\"EntryPoint\",\"urlTemplate\":\"https:\\\/\\\/www.nexson-group.com\\\/es\\\/?s={search_term_string}\"},\"query-input\":{\"@type\":\"PropertyValueSpecification\",\"valueRequired\":true,\"valueName\":\"search_term_string\"}}],\"inLanguage\":\"es\"},{\"@type\":\"Organization\",\"@id\":\"https:\\\/\\\/www.nexson-group.com\\\/es\\\/#organization\",\"name\":\"Nexson Group\",\"url\":\"https:\\\/\\\/www.nexson-group.com\\\/es\\\/\",\"logo\":{\"@type\":\"ImageObject\",\"inLanguage\":\"es\",\"@id\":\"https:\\\/\\\/www.nexson-group.com\\\/es\\\/#\\\/schema\\\/logo\\\/image\\\/\",\"url\":\"https:\\\/\\\/www.nexson-group.com\\\/wp-content\\\/uploads\\\/2025\\\/04\\\/logo_Group_Nexson_blanc-01.png\",\"contentUrl\":\"https:\\\/\\\/www.nexson-group.com\\\/wp-content\\\/uploads\\\/2025\\\/04\\\/logo_Group_Nexson_blanc-01.png\",\"width\":1846,\"height\":580,\"caption\":\"Nexson Group\"},\"image\":{\"@id\":\"https:\\\/\\\/www.nexson-group.com\\\/es\\\/#\\\/schema\\\/logo\\\/image\\\/\"},\"legalName\":\"Nexson Group SAS\",\"vatID\":\"FR38530572775\",\"taxID\":\"53057277500027\",\"euid\":\"FR5802.530572775\",\"foundingDate\":\"2011\",\"areaServed\":\"World\",\"telephone\":\"+33386601304\",\"address\":{\"@type\":\"PostalAddress\",\"streetAddress\":\"685 Rue Jules Verne\",\"addressLocality\":\"Garchizy\",\"postalCode\":\"58600\",\"addressCountry\":\"FR\"},\"hasCredential\":[{\"@type\":\"EducationalOccupationalCredential\",\"name\":\"ISO 9001:2015\",\"credentialCategory\":\"Certification\"},{\"@type\":\"EducationalOccupationalCredential\",\"name\":\"ASME U-Stamp\",\"credentialCategory\":\"Certification\"},{\"@type\":\"EducationalOccupationalCredential\",\"name\":\"ASME R-Stamp\",\"credentialCategory\":\"Certification\"},{\"@type\":\"EducationalOccupationalCredential\",\"name\":\"UNI EN ISO 3834-2:2021\",\"credentialCategory\":\"Certification\"},{\"@type\":\"EducationalOccupationalCredential\",\"name\":\"PED 2014\\\/68\\\/EU\",\"credentialCategory\":\"Certification\"}],\"sameAs\":[\"https:\\\/\\\/www.linkedin.com\\\/company\\\/nexson-group\\\/\",\"https:\\\/\\\/www.youtube.com\\\/@nexsongroup2709\",\"https:\\\/\\\/www.facebook.com\\\/NexsonGroup\\\/\"],\"parentOrganization\":{\"@type\":\"Organization\",\"name\":\"thermowave\",\"url\":\"https:\\\/\\\/www.thermowave.eu\"},\"description\":\"Fabricante franc\u00e9s l\u00edder, experto en el dise\u00f1o y fabricaci\u00f3n de intercambiadores de calor soldados.\",\"makesOffer\":[{\"@type\":\"Offer\",\"itemOffered\":{\"@type\":\"ProductModel\",\"name\":\"Intercambiadores de calor de placas en espiral\"}},{\"@type\":\"Offer\",\"itemOffered\":{\"@type\":\"ProductModel\",\"name\":\"Intercambiadores de calor de placas soldadas\"}},{\"@type\":\"Offer\",\"itemOffered\":{\"@type\":\"ProductModel\",\"name\":\"Intercambiadores de calor de placas y carcasa\"}},{\"@type\":\"Offer\",\"itemOffered\":{\"@type\":\"ProductModel\",\"name\":\"Intercambiadores de calor de tubos rectangulares\"}},{\"@type\":\"Offer\",\"itemOffered\":{\"@type\":\"ProductModel\",\"name\":\"Intercambiadores de calor de bobina\"}},{\"@type\":\"Offer\",\"itemOffered\":{\"@type\":\"ProductModel\",\"name\":\"Intercambiadores de calor de circuito impreso\"}},{\"@type\":\"Offer\",\"itemOffered\":{\"@type\":\"ProductModel\",\"name\":\"Intercambiadores de calor de placas\"}},{\"@type\":\"Offer\",\"itemOffered\":{\"@type\":\"ProductModel\",\"name\":\"Sistema de limpieza\"}}],\"knowsAbout\":[{\"@type\":\"Thing\",\"name\":\"Intercambiadores de calor\",\"sameAs\":\"https:\\\/\\\/es.wikipedia.org\\\/wiki\\\/Intercambiador_de_calor\"},{\"@type\":\"Thing\",\"name\":\"Descarbonizaci\u00f3n industrial\",\"sameAs\":\"https:\\\/\\\/es.wikipedia.org\\\/wiki\\\/Descarbonizaci\u00f3n\"},{\"@type\":\"Thing\",\"name\":\"Recuperaci\u00f3n de calor residual\",\"sameAs\":\"https:\\\/\\\/es.wikipedia.org\\\/wiki\\\/Calor_residual\"},{\"@type\":\"Thing\",\"name\":\"Eficiencia energ\u00e9tica\",\"sameAs\":\"https:\\\/\\\/es.wikipedia.org\\\/wiki\\\/Eficiencia_energ\u00e9tica\"},\"Optimizaci\u00f3n de la transferencia t\u00e9rmica\",\"Ingenier\u00eda t\u00e9rmica\",\"Reducci\u00f3n de la huella de carbono\",\"Descarbonizaci\u00f3n profunda\",\"Metalurgia y soldadura de precisi\u00f3n\",\"C\u00e1lculo de estructuras de alta presi\u00f3n\",\"Petr\u00f3leo, gas y refiner\u00eda\",\"Qu\u00edmica\",\"Industrias pesadas\",\"Producci\u00f3n de electricidad\",\"Climatizaci\u00f3n\",\"Pulpa y papel\",\"Materias primas alimentarias\",\"Producci\u00f3n de alimentos\",\"Farmac\u00e9utico\",\"Refrigeraci\u00f3n\",\"Tratamiento de aguas\",\"Energ\u00eda limpia\",\"Captura de carbono\",\"Mar\u00edtimo\"]}]}<\/script>\n<!-- \/ Yoast SEO plugin. -->","yoast_head_json":{"title":"Solicitud de folleto pche en - nexson group","robots":{"index":"index","follow":"follow","max-snippet":"max-snippet:-1","max-image-preview":"max-image-preview:large","max-video-preview":"max-video-preview:-1"},"canonical":"https:\/\/www.nexson-group.com\/es\/productos\/intercambiadores-de-calor-de-circuito-impreso\/pche\/solicitud-de-folleto-pche-en\/","og_locale":"es_ES","og_type":"article","og_title":"SOLICITUD DE FOLLETO PCHE EN - Nexson Group","og_description":"Solicitud de folleto pche en","og_url":"https:\/\/www.nexson-group.com\/es\/productos\/intercambiadores-de-calor-de-circuito-impreso\/pche\/solicitud-de-folleto-pche-en\/","og_site_name":"Nexson Group","article_modified_time":"2025-08-05T06:44:20+00:00","og_image":[{"width":2327,"height":2560,"url":"https:\/\/www.nexson-group.com\/wp-content\/uploads\/2025\/05\/PCHE-scaled.jpg","type":"image\/jpeg"}],"twitter_card":"summary_large_image","twitter_misc":{"Tiempo de lectura":"1 minuto"},"schema":{"@context":"https:\/\/schema.org","@graph":[{"@type":"WebPage","@id":"https:\/\/www.nexson-group.com\/es\/productos\/intercambiadores-de-calor-de-circuito-impreso\/pche\/solicitud-de-folleto-pche-en\/","url":"https:\/\/www.nexson-group.com\/es\/productos\/intercambiadores-de-calor-de-circuito-impreso\/pche\/solicitud-de-folleto-pche-en\/","name":"SOLICITUD DE FOLLETO PCHE EN - Nexson Group","isPartOf":{"@id":"https:\/\/www.nexson-group.com\/es\/#website"},"primaryImageOfPage":{"@id":"https:\/\/www.nexson-group.com\/es\/productos\/intercambiadores-de-calor-de-circuito-impreso\/pche\/solicitud-de-folleto-pche-en\/#primaryimage"},"image":{"@id":"https:\/\/www.nexson-group.com\/es\/productos\/intercambiadores-de-calor-de-circuito-impreso\/pche\/solicitud-de-folleto-pche-en\/#primaryimage"},"thumbnailUrl":"https:\/\/www.nexson-group.com\/wp-content\/uploads\/2025\/05\/PCHE-scaled.jpg","datePublished":"2025-05-12T07:44:35+00:00","dateModified":"2025-08-05T06:44:20+00:00","breadcrumb":{"@id":"https:\/\/www.nexson-group.com\/es\/productos\/intercambiadores-de-calor-de-circuito-impreso\/pche\/solicitud-de-folleto-pche-en\/#breadcrumb"},"inLanguage":"es","potentialAction":[{"@type":"ReadAction","target":["https:\/\/www.nexson-group.com\/es\/productos\/intercambiadores-de-calor-de-circuito-impreso\/pche\/solicitud-de-folleto-pche-en\/"]}]},{"@type":"ImageObject","inLanguage":"es","@id":"https:\/\/www.nexson-group.com\/es\/productos\/intercambiadores-de-calor-de-circuito-impreso\/pche\/solicitud-de-folleto-pche-en\/#primaryimage","url":"https:\/\/www.nexson-group.com\/wp-content\/uploads\/2025\/05\/PCHE-scaled.jpg","contentUrl":"https:\/\/www.nexson-group.com\/wp-content\/uploads\/2025\/05\/PCHE-scaled.jpg","width":2327,"height":2560,"caption":"PCHE"},{"@type":"BreadcrumbList","@id":"https:\/\/www.nexson-group.com\/es\/productos\/intercambiadores-de-calor-de-circuito-impreso\/pche\/solicitud-de-folleto-pche-en\/#breadcrumb","itemListElement":[{"@type":"ListItem","position":1,"name":"Accueil","item":"https:\/\/www.nexson-group.com\/es\/home\/"},{"@type":"ListItem","position":2,"name":"SOLICITUD DE FOLLETO PCHE EN"}]},{"@type":"WebSite","@id":"https:\/\/www.nexson-group.com\/es\/#website","url":"https:\/\/www.nexson-group.com\/es\/","name":"Nexson Group","description":"","publisher":{"@id":"https:\/\/www.nexson-group.com\/es\/#organization"},"potentialAction":[{"@type":"SearchAction","target":{"@type":"EntryPoint","urlTemplate":"https:\/\/www.nexson-group.com\/es\/?s={search_term_string}"},"query-input":{"@type":"PropertyValueSpecification","valueRequired":true,"valueName":"search_term_string"}}],"inLanguage":"es"},{"@type":"Organization","@id":"https:\/\/www.nexson-group.com\/es\/#organization","name":"Nexson Group","url":"https:\/\/www.nexson-group.com\/es\/","logo":{"@type":"ImageObject","inLanguage":"es","@id":"https:\/\/www.nexson-group.com\/es\/#\/schema\/logo\/image\/","url":"https:\/\/www.nexson-group.com\/wp-content\/uploads\/2025\/04\/logo_Group_Nexson_blanc-01.png","contentUrl":"https:\/\/www.nexson-group.com\/wp-content\/uploads\/2025\/04\/logo_Group_Nexson_blanc-01.png","width":1846,"height":580,"caption":"Nexson Group"},"image":{"@id":"https:\/\/www.nexson-group.com\/es\/#\/schema\/logo\/image\/"},"legalName":"Nexson Group SAS","vatID":"FR38530572775","taxID":"53057277500027","euid":"FR5802.530572775","foundingDate":"2011","areaServed":"World","telephone":"+33386601304","address":{"@type":"PostalAddress","streetAddress":"685 Rue Jules Verne","addressLocality":"Garchizy","postalCode":"58600","addressCountry":"FR"},"hasCredential":[{"@type":"EducationalOccupationalCredential","name":"ISO 9001:2015","credentialCategory":"Certification"},{"@type":"EducationalOccupationalCredential","name":"ASME U-Stamp","credentialCategory":"Certification"},{"@type":"EducationalOccupationalCredential","name":"ASME R-Stamp","credentialCategory":"Certification"},{"@type":"EducationalOccupationalCredential","name":"UNI EN ISO 3834-2:2021","credentialCategory":"Certification"},{"@type":"EducationalOccupationalCredential","name":"PED 2014\/68\/EU","credentialCategory":"Certification"}],"sameAs":["https:\/\/www.linkedin.com\/company\/nexson-group\/","https:\/\/www.youtube.com\/@nexsongroup2709","https:\/\/www.facebook.com\/NexsonGroup\/"],"parentOrganization":{"@type":"Organization","name":"thermowave","url":"https:\/\/www.thermowave.eu"},"description":"Fabricante franc\u00e9s l\u00edder, experto en el dise\u00f1o y fabricaci\u00f3n de intercambiadores de calor soldados.","makesOffer":[{"@type":"Offer","itemOffered":{"@type":"ProductModel","name":"Intercambiadores de calor de placas en espiral"}},{"@type":"Offer","itemOffered":{"@type":"ProductModel","name":"Intercambiadores de calor de placas soldadas"}},{"@type":"Offer","itemOffered":{"@type":"ProductModel","name":"Intercambiadores de calor de placas y carcasa"}},{"@type":"Offer","itemOffered":{"@type":"ProductModel","name":"Intercambiadores de calor de tubos rectangulares"}},{"@type":"Offer","itemOffered":{"@type":"ProductModel","name":"Intercambiadores de calor de bobina"}},{"@type":"Offer","itemOffered":{"@type":"ProductModel","name":"Intercambiadores de calor de circuito impreso"}},{"@type":"Offer","itemOffered":{"@type":"ProductModel","name":"Intercambiadores de calor de placas"}},{"@type":"Offer","itemOffered":{"@type":"ProductModel","name":"Sistema de limpieza"}}],"knowsAbout":[{"@type":"Thing","name":"Intercambiadores de calor","sameAs":"https:\/\/es.wikipedia.org\/wiki\/Intercambiador_de_calor"},{"@type":"Thing","name":"Descarbonizaci\u00f3n industrial","sameAs":"https:\/\/es.wikipedia.org\/wiki\/Descarbonizaci\u00f3n"},{"@type":"Thing","name":"Recuperaci\u00f3n de calor residual","sameAs":"https:\/\/es.wikipedia.org\/wiki\/Calor_residual"},{"@type":"Thing","name":"Eficiencia energ\u00e9tica","sameAs":"https:\/\/es.wikipedia.org\/wiki\/Eficiencia_energ\u00e9tica"},"Optimizaci\u00f3n de la transferencia t\u00e9rmica","Ingenier\u00eda t\u00e9rmica","Reducci\u00f3n de la huella de carbono","Descarbonizaci\u00f3n profunda","Metalurgia y soldadura de precisi\u00f3n","C\u00e1lculo de estructuras de alta presi\u00f3n","Petr\u00f3leo, gas y refiner\u00eda","Qu\u00edmica","Industrias pesadas","Producci\u00f3n de electricidad","Climatizaci\u00f3n","Pulpa y papel","Materias primas alimentarias","Producci\u00f3n de alimentos","Farmac\u00e9utico","Refrigeraci\u00f3n","Tratamiento de aguas","Energ\u00eda limpia","Captura de carbono","Mar\u00edtimo"]}]}},"_links":{"self":[{"href":"https:\/\/www.nexson-group.com\/es\/wp-json\/wp\/v2\/pages\/85319","targetHints":{"allow":["GET"]}}],"collection":[{"href":"https:\/\/www.nexson-group.com\/es\/wp-json\/wp\/v2\/pages"}],"about":[{"href":"https:\/\/www.nexson-group.com\/es\/wp-json\/wp\/v2\/types\/page"}],"author":[{"embeddable":true,"href":"https:\/\/www.nexson-group.com\/es\/wp-json\/wp\/v2\/users\/2"}],"replies":[{"embeddable":true,"href":"https:\/\/www.nexson-group.com\/es\/wp-json\/wp\/v2\/comments?post=85319"}],"version-history":[{"count":0,"href":"https:\/\/www.nexson-group.com\/es\/wp-json\/wp\/v2\/pages\/85319\/revisions"}],"up":[{"embeddable":true,"href":"https:\/\/www.nexson-group.com\/es\/wp-json\/wp\/v2\/pages\/85317"}],"wp:featuredmedia":[{"embeddable":true,"href":"https:\/\/www.nexson-group.com\/es\/wp-json\/wp\/v2\/media\/84470"}],"wp:attachment":[{"href":"https:\/\/www.nexson-group.com\/es\/wp-json\/wp\/v2\/media?parent=85319"}],"curies":[{"name":"wp","href":"https:\/\/api.w.org\/{rel}","templated":true}]}}