{"id":79339,"date":"2025-05-09T14:55:05","date_gmt":"2025-05-09T12:55:05","guid":{"rendered":"https:\/\/2025.nexson-group.com\/brochure-request-cwhe-en\/"},"modified":"2025-07-09T14:12:31","modified_gmt":"2025-07-09T12:12:31","slug":"brochure-request-cwhe-en","status":"publish","type":"page","link":"https:\/\/www.nexson-group.com\/de\/produkte\/wickelrohrwaermetauscher\/cwhe\/brochure-request-cwhe-en\/","title":{"rendered":"Brosch\u00fcre anfordern cwhe de"},"content":{"rendered":"\t\t<div data-elementor-type=\"wp-page\" data-elementor-id=\"79339\" class=\"elementor elementor-79339 elementor-68265\" data-elementor-post-type=\"page\">\n\t\t\t\t<div class=\"e-con-with-custom-width e-con-gap-no elementor-element elementor-element-41e7871 e-flex e-con-boxed sc_layouts_column_icons_position_left e-con e-parent\" data-id=\"41e7871\" data-element_type=\"container\" data-e-type=\"container\" data-settings=\"{&quot;background_background&quot;:&quot;classic&quot;}\">\n\t\t\t\t\t<div class=\"e-con-inner\">\n\t\t<div class=\"elementor-element elementor-element-25d4097 e-con-full e-flex sc_layouts_column_icons_position_left e-con e-child\" data-id=\"25d4097\" data-element_type=\"container\" data-e-type=\"container\">\n\t\t\t\t<div class=\"elementor-element elementor-element-b1d90da elementor-widget__width-inherit sc_fly_static elementor-widget elementor-widget-heading\" data-id=\"b1d90da\" data-element_type=\"widget\" data-e-type=\"widget\" data-widget_type=\"heading.default\">\n\t\t\t\t\t<h1 class=\"elementor-heading-title elementor-size-default\">Brosch\u00fcre anfordern <\/h1>\t\t\t\t<\/div>\n\t\t\t\t<div class=\"elementor-element elementor-element-4f49387 elementor-widget__width-inherit sc_fly_static elementor-widget elementor-widget-heading\" data-id=\"4f49387\" data-element_type=\"widget\" data-e-type=\"widget\" data-widget_type=\"heading.default\">\n\t\t\t\t\t<h1 class=\"elementor-heading-title elementor-size-default\">CWHE DE<\/h1>\t\t\t\t<\/div>\n\t\t\t\t<\/div>\n\t\t<div class=\"elementor-element elementor-element-27bbfb6 e-con-full e-flex sc_layouts_column_icons_position_left e-con e-child\" data-id=\"27bbfb6\" data-element_type=\"container\" data-e-type=\"container\">\n\t\t\t\t<div class=\"elementor-element elementor-element-7b9afbd elementor-view-default sc_fly_static elementor-widget elementor-widget-icon\" data-id=\"7b9afbd\" data-element_type=\"widget\" data-e-type=\"widget\" data-widget_type=\"icon.default\">\n\t\t\t\t\t\t\t<div class=\"elementor-icon-wrapper\">\n\t\t\t<div class=\"elementor-icon\">\n\t\t\t<i aria-hidden=\"true\" class=\"fas fa-chevron-down\"><\/i>\t\t\t<\/div>\n\t\t<\/div>\n\t\t\t\t\t\t<\/div>\n\t\t\t\t<\/div>\n\t\t\t\t\t<\/div>\n\t\t\t\t<\/div>\n\t\t<div class=\"elementor-element elementor-element-8c1dd13 e-flex e-con-boxed sc_layouts_column_icons_position_left e-con e-parent\" data-id=\"8c1dd13\" data-element_type=\"container\" data-e-type=\"container\">\n\t\t\t\t\t<div class=\"e-con-inner\">\n\t\t\t\t<div class=\"elementor-element elementor-element-94ac1b3 sc_height_large sc_fly_static elementor-widget elementor-widget-spacer\" data-id=\"94ac1b3\" data-element_type=\"widget\" data-e-type=\"widget\" data-widget_type=\"spacer.default\">\n\t\t\t\t\t\t\t<div class=\"elementor-spacer\">\n\t\t\t<div class=\"elementor-spacer-inner\"><\/div>\n\t\t<\/div>\n\t\t\t\t\t\t<\/div>\n\t\t\t\t\t<\/div>\n\t\t\t\t<\/div>\n\t\t<div class=\"elementor-element elementor-element-e2eea29 e-flex e-con-boxed sc_layouts_column_icons_position_left e-con e-parent\" data-id=\"e2eea29\" data-element_type=\"container\" data-e-type=\"container\">\n\t\t\t\t\t<div class=\"e-con-inner\">\n\t\t\t\t<div class=\"elementor-element elementor-element-3616628 sc_fly_static elementor-widget elementor-widget-shortcode\" data-id=\"3616628\" data-element_type=\"widget\" data-e-type=\"widget\" data-widget_type=\"shortcode.default\">\n\t\t\t\t\t\t\t<div class=\"elementor-shortcode\"><center>\n<div class=\"wpcf7 no-js\" id=\"wpcf7-f78222-o1\" lang=\"de-DE\" dir=\"ltr\" data-wpcf7-id=\"78222\">\n<div class=\"screen-reader-response\"><p role=\"status\" aria-live=\"polite\" aria-atomic=\"true\"><\/p> <ul><\/ul><\/div>\n<form action=\"\/de\/wp-json\/wp\/v2\/pages\/79339#wpcf7-f78222-o1\" method=\"post\" class=\"wpcf7-form init\" aria-label=\"Kontaktformular\" novalidate=\"novalidate\" data-status=\"init\">\n<fieldset class=\"hidden-fields-container\"><input type=\"hidden\" name=\"_wpcf7\" value=\"78222\" \/><input type=\"hidden\" name=\"_wpcf7_version\" value=\"6.1.5\" \/><input type=\"hidden\" name=\"_wpcf7_locale\" value=\"de_DE\" \/><input type=\"hidden\" name=\"_wpcf7_unit_tag\" value=\"wpcf7-f78222-o1\" \/><input type=\"hidden\" name=\"_wpcf7_container_post\" value=\"0\" \/><input type=\"hidden\" name=\"_wpcf7_posted_data_hash\" value=\"\" \/>\n<\/fieldset>\n<div class=\"wpcf7-turnstile cf-turnstile\" data-sitekey=\"0x4AAAAAAB74NaeIvOSZBUsn\" data-response-field-name=\"_wpcf7_turnstile_response\"><\/div>\n\n<p><span class=\"wpcf7-form-control-wrap\" data-name=\"COUNTRY\"><input size=\"40\" maxlength=\"400\" class=\"wpcf7-form-control wpcf7-text wpcf7-validates-as-required full\" aria-required=\"true\" aria-invalid=\"false\" placeholder=\"LAND*\" value=\"\" type=\"text\" name=\"COUNTRY\" \/><\/span><br \/>\n<span class=\"wpcf7-form-control-wrap\" data-name=\"LASTNAME\"><input size=\"40\" maxlength=\"400\" class=\"wpcf7-form-control wpcf7-text wpcf7-validates-as-required full\" aria-required=\"true\" aria-invalid=\"false\" placeholder=\"NACHNAME*\" value=\"\" type=\"text\" name=\"LASTNAME\" \/><\/span><br \/>\n<span class=\"wpcf7-form-control-wrap\" data-name=\"FIRSTNAME\"><input size=\"40\" maxlength=\"400\" class=\"wpcf7-form-control wpcf7-text wpcf7-validates-as-required full\" aria-required=\"true\" aria-invalid=\"false\" placeholder=\"VORNAME*\" value=\"\" type=\"text\" name=\"FIRSTNAME\" \/><\/span><br \/>\n<span class=\"wpcf7-form-control-wrap\" data-name=\"EMAIL\"><input size=\"40\" maxlength=\"400\" class=\"wpcf7-form-control wpcf7-email wpcf7-validates-as-required wpcf7-text wpcf7-validates-as-email full\" aria-required=\"true\" aria-invalid=\"false\" placeholder=\"EMAIL*\" value=\"\" type=\"email\" name=\"EMAIL\" \/><\/span><br \/>\n<span class=\"wpcf7-form-control-wrap\" data-name=\"SOCIETE\"><input size=\"40\" maxlength=\"400\" class=\"wpcf7-form-control wpcf7-text wpcf7-validates-as-required full\" aria-required=\"true\" aria-invalid=\"false\" placeholder=\"UNTERNEHMEN*\" value=\"\" type=\"text\" name=\"SOCIETE\" \/><\/span><br \/>\nWie haben Sie von uns erfahren?<br \/>\n<span class=\"wpcf7-form-control-wrap\" data-name=\"CANAL\"><span class=\"wpcf7-form-control wpcf7-checkbox wpcf7-exclusive-checkbox\"><span class=\"wpcf7-list-item first\"><input type=\"checkbox\" name=\"CANAL\" value=\"Search engine (Google, Bing, etc.)\" \/><span class=\"wpcf7-list-item-label\">Search engine (Google, Bing, etc.)<\/span><\/span><span class=\"wpcf7-list-item\"><input type=\"checkbox\" name=\"CANAL\" value=\"LinkedIn\" \/><span class=\"wpcf7-list-item-label\">LinkedIn<\/span><\/span><span class=\"wpcf7-list-item last\"><input type=\"checkbox\" name=\"CANAL\" value=\"Exhibitions\" \/><span class=\"wpcf7-list-item-label\">Exhibitions<\/span><\/span><\/span><\/span><br \/>\n<span id=\"wpcf7-6a081cda2be12-wrapper\" class=\"wpcf7-form-control-wrap honeypot-311-wrap\" style=\"display:none !important; visibility:hidden !important;\"><input type=\"hidden\" name=\"honeypot-311-time-start\" value=\"1778916570\"><input type=\"hidden\" name=\"honeypot-311-time-check\" value=\"4\"><label for=\"wpcf7-6a081cda2be12-field\" class=\"hp-message\">Bitte lasse dieses Feld leer.<\/label><input id=\"wpcf7-6a081cda2be12-field\"  class=\"wpcf7-form-control wpcf7-text\" type=\"text\" name=\"honeypot-311\" value=\"\" size=\"40\" tabindex=\"-1\" autocomplete=\"off\" \/><\/span><br \/>\n<span class=\"wpcf7-form-control-wrap\" data-name=\"accept-marketing\"><span class=\"wpcf7-form-control wpcf7-acceptance optional\"><span class=\"wpcf7-list-item\"><label><input type=\"checkbox\" name=\"accept-marketing\" value=\"1\" aria-invalid=\"false\" \/><span class=\"wpcf7-list-item-label\">Sind Sie damit einverstanden, in die Marketing-Kontaktliste der Nexson Group aufgenommen zu werden?<\/span><\/label><\/span><\/span><\/span>\n<\/p>\n<p><input class=\"wpcf7-form-control wpcf7-submit has-spinner\" type=\"submit\" value=\"Einreichen\" \/>\n<\/p><div class=\"wpcf7-response-output\" aria-hidden=\"true\"><\/div>\n<\/form>\n<\/div>\n<\/div>\n\t\t\t\t\t\t<\/div>\n\t\t\t\t\t<\/div>\n\t\t\t\t<\/div>\n\t\t<div class=\"elementor-element elementor-element-6a2c5c8 e-flex e-con-boxed sc_layouts_column_icons_position_left e-con e-parent\" data-id=\"6a2c5c8\" data-element_type=\"container\" data-e-type=\"container\">\n\t\t\t\t\t<div class=\"e-con-inner\">\n\t\t\t\t<div class=\"elementor-element elementor-element-02a910a sc_height_large sc_fly_static elementor-widget elementor-widget-spacer\" data-id=\"02a910a\" data-element_type=\"widget\" data-e-type=\"widget\" data-widget_type=\"spacer.default\">\n\t\t\t\t\t\t\t<div class=\"elementor-spacer\">\n\t\t\t<div class=\"elementor-spacer-inner\"><\/div>\n\t\t<\/div>\n\t\t\t\t\t\t<\/div>\n\t\t\t\t\t<\/div>\n\t\t\t\t<\/div>\n\t\t\t\t<\/div>\n\t\t","protected":false},"excerpt":{"rendered":"<p>Brosch\u00fcre anfordern cwhe de<\/p>\n","protected":false},"author":2,"featured_media":76584,"parent":80011,"menu_order":0,"comment_status":"closed","ping_status":"closed","template":"elementor_header_footer","meta":{"inline_featured_image":false,"footnotes":""},"class_list":["post-79339","page","type-page","status-publish","has-post-thumbnail","hentry"],"yoast_head":"<!-- This site is optimized with the Yoast SEO plugin v27.6 - https:\/\/yoast.com\/product\/yoast-seo-wordpress\/ -->\n<title>Brosch\u00fcre anfordern cwhe de - nexson group<\/title>\n<meta name=\"robots\" content=\"index, follow, max-snippet:-1, max-image-preview:large, max-video-preview:-1\" \/>\n<link rel=\"canonical\" href=\"https:\/\/www.nexson-group.com\/de\/produkte\/wickelrohrwaermetauscher\/cwhe\/brochure-request-cwhe-en\/\" \/>\n<meta property=\"og:locale\" content=\"de_DE\" \/>\n<meta property=\"og:type\" content=\"article\" \/>\n<meta property=\"og:title\" content=\"Brosch\u00fcre anfordern CWHE DE - Nexson Group\" \/>\n<meta property=\"og:description\" content=\"Brosch\u00fcre anfordern cwhe de\" \/>\n<meta property=\"og:url\" content=\"https:\/\/www.nexson-group.com\/de\/produkte\/wickelrohrwaermetauscher\/cwhe\/brochure-request-cwhe-en\/\" \/>\n<meta property=\"og:site_name\" content=\"Nexson Group\" \/>\n<meta property=\"article:modified_time\" content=\"2025-07-09T12:12:31+00:00\" \/>\n<meta property=\"og:image\" content=\"https:\/\/www.nexson-group.com\/wp-content\/uploads\/2025\/05\/CWHE-scaled-1.avif\" \/>\n\t<meta property=\"og:image:width\" content=\"2327\" \/>\n\t<meta property=\"og:image:height\" content=\"2560\" \/>\n\t<meta property=\"og:image:type\" content=\"image\/jpeg\" \/>\n<meta name=\"twitter:card\" content=\"summary_large_image\" \/>\n<script type=\"application\/ld+json\" class=\"yoast-schema-graph\">{\"@context\":\"https:\\\/\\\/schema.org\",\"@graph\":[{\"@type\":\"WebPage\",\"@id\":\"https:\\\/\\\/www.nexson-group.com\\\/de\\\/produkte\\\/wickelrohrwaermetauscher\\\/cwhe\\\/brochure-request-cwhe-en\\\/\",\"url\":\"https:\\\/\\\/www.nexson-group.com\\\/de\\\/produkte\\\/wickelrohrwaermetauscher\\\/cwhe\\\/brochure-request-cwhe-en\\\/\",\"name\":\"Brosch\u00fcre anfordern CWHE DE - Nexson Group\",\"isPartOf\":{\"@id\":\"https:\\\/\\\/www.nexson-group.com\\\/de\\\/#website\"},\"primaryImageOfPage\":{\"@id\":\"https:\\\/\\\/www.nexson-group.com\\\/de\\\/produkte\\\/wickelrohrwaermetauscher\\\/cwhe\\\/brochure-request-cwhe-en\\\/#primaryimage\"},\"image\":{\"@id\":\"https:\\\/\\\/www.nexson-group.com\\\/de\\\/produkte\\\/wickelrohrwaermetauscher\\\/cwhe\\\/brochure-request-cwhe-en\\\/#primaryimage\"},\"thumbnailUrl\":\"https:\\\/\\\/www.nexson-group.com\\\/wp-content\\\/uploads\\\/2025\\\/05\\\/CWHE-scaled-1.avif\",\"datePublished\":\"2025-05-09T12:55:05+00:00\",\"dateModified\":\"2025-07-09T12:12:31+00:00\",\"breadcrumb\":{\"@id\":\"https:\\\/\\\/www.nexson-group.com\\\/de\\\/produkte\\\/wickelrohrwaermetauscher\\\/cwhe\\\/brochure-request-cwhe-en\\\/#breadcrumb\"},\"inLanguage\":\"de\",\"potentialAction\":[{\"@type\":\"ReadAction\",\"target\":[\"https:\\\/\\\/www.nexson-group.com\\\/de\\\/produkte\\\/wickelrohrwaermetauscher\\\/cwhe\\\/brochure-request-cwhe-en\\\/\"]}]},{\"@type\":\"ImageObject\",\"inLanguage\":\"de\",\"@id\":\"https:\\\/\\\/www.nexson-group.com\\\/de\\\/produkte\\\/wickelrohrwaermetauscher\\\/cwhe\\\/brochure-request-cwhe-en\\\/#primaryimage\",\"url\":\"https:\\\/\\\/www.nexson-group.com\\\/wp-content\\\/uploads\\\/2025\\\/05\\\/CWHE-scaled-1.avif\",\"contentUrl\":\"https:\\\/\\\/www.nexson-group.com\\\/wp-content\\\/uploads\\\/2025\\\/05\\\/CWHE-scaled-1.avif\",\"width\":2327,\"height\":2560,\"caption\":\"COIL WOUND HEAT EXCHANGER\"},{\"@type\":\"BreadcrumbList\",\"@id\":\"https:\\\/\\\/www.nexson-group.com\\\/de\\\/produkte\\\/wickelrohrwaermetauscher\\\/cwhe\\\/brochure-request-cwhe-en\\\/#breadcrumb\",\"itemListElement\":[{\"@type\":\"ListItem\",\"position\":1,\"name\":\"Accueil\",\"item\":\"https:\\\/\\\/www.nexson-group.com\\\/de\\\/home\\\/\"},{\"@type\":\"ListItem\",\"position\":2,\"name\":\"Produkte\",\"item\":\"https:\\\/\\\/www.nexson-group.com\\\/de\\\/produkte\\\/\"},{\"@type\":\"ListItem\",\"position\":3,\"name\":\"Wickelrohrw\u00e4rmetauscher\",\"item\":\"https:\\\/\\\/www.nexson-group.com\\\/de\\\/produkte\\\/wickelrohrwaermetauscher\\\/\"},{\"@type\":\"ListItem\",\"position\":4,\"name\":\"Cwhe\",\"item\":\"https:\\\/\\\/www.nexson-group.com\\\/de\\\/produkte\\\/wickelrohrwaermetauscher\\\/cwhe\\\/\"},{\"@type\":\"ListItem\",\"position\":5,\"name\":\"Brosch\u00fcre anfordern cwhe de\"}]},{\"@type\":\"WebSite\",\"@id\":\"https:\\\/\\\/www.nexson-group.com\\\/de\\\/#website\",\"url\":\"https:\\\/\\\/www.nexson-group.com\\\/de\\\/\",\"name\":\"Nexson Group\",\"description\":\"\",\"publisher\":{\"@id\":\"https:\\\/\\\/www.nexson-group.com\\\/de\\\/#organization\"},\"potentialAction\":[{\"@type\":\"SearchAction\",\"target\":{\"@type\":\"EntryPoint\",\"urlTemplate\":\"https:\\\/\\\/www.nexson-group.com\\\/de\\\/?s={search_term_string}\"},\"query-input\":{\"@type\":\"PropertyValueSpecification\",\"valueRequired\":true,\"valueName\":\"search_term_string\"}}],\"inLanguage\":\"de\"},{\"@type\":\"Organization\",\"@id\":\"https:\\\/\\\/www.nexson-group.com\\\/de\\\/#organization\",\"name\":\"Nexson Group\",\"url\":\"https:\\\/\\\/www.nexson-group.com\\\/de\\\/\",\"logo\":{\"@type\":\"ImageObject\",\"inLanguage\":\"de\",\"@id\":\"https:\\\/\\\/www.nexson-group.com\\\/de\\\/#\\\/schema\\\/logo\\\/image\\\/\",\"url\":\"https:\\\/\\\/www.nexson-group.com\\\/wp-content\\\/uploads\\\/2025\\\/04\\\/logo_Group_Nexson_blanc-01.png\",\"contentUrl\":\"https:\\\/\\\/www.nexson-group.com\\\/wp-content\\\/uploads\\\/2025\\\/04\\\/logo_Group_Nexson_blanc-01.png\",\"width\":1846,\"height\":580,\"caption\":\"Nexson Group\"},\"image\":{\"@id\":\"https:\\\/\\\/www.nexson-group.com\\\/de\\\/#\\\/schema\\\/logo\\\/image\\\/\"},\"legalName\":\"Nexson Group SAS\",\"vatID\":\"FR38530572775\",\"taxID\":\"53057277500027\",\"euid\":\"FR5802.530572775\",\"foundingDate\":\"2011\",\"areaServed\":\"World\",\"telephone\":\"+33386601304\",\"address\":{\"@type\":\"PostalAddress\",\"streetAddress\":\"685 Rue Jules Verne\",\"addressLocality\":\"Garchizy\",\"postalCode\":\"58600\",\"addressCountry\":\"FR\"},\"hasCredential\":[{\"@type\":\"EducationalOccupationalCredential\",\"name\":\"ISO 9001:2015\",\"credentialCategory\":\"Certification\"},{\"@type\":\"EducationalOccupationalCredential\",\"name\":\"ASME U-Stamp\",\"credentialCategory\":\"Certification\"},{\"@type\":\"EducationalOccupationalCredential\",\"name\":\"ASME R-Stamp\",\"credentialCategory\":\"Certification\"},{\"@type\":\"EducationalOccupationalCredential\",\"name\":\"UNI EN ISO 3834-2:2021\",\"credentialCategory\":\"Certification\"},{\"@type\":\"EducationalOccupationalCredential\",\"name\":\"PED 2014\\\/68\\\/EU\",\"credentialCategory\":\"Certification\"}],\"sameAs\":[\"https:\\\/\\\/www.linkedin.com\\\/company\\\/nexson-group\\\/\",\"https:\\\/\\\/www.youtube.com\\\/@nexsongroup2709\",\"https:\\\/\\\/www.facebook.com\\\/NexsonGroup\\\/\"],\"parentOrganization\":{\"@type\":\"Organization\",\"name\":\"thermowave\",\"url\":\"https:\\\/\\\/www.thermowave.eu\"},\"description\":\"F\u00fchrender franz\u00f6sischer Hersteller, Experte f\u00fcr die Entwicklung und Herstellung von geschwei\u00dften Plattenw\u00e4rmetauschern.\",\"makesOffer\":[{\"@type\":\"Offer\",\"itemOffered\":{\"@type\":\"ProductModel\",\"name\":\"Spiralplattenw\u00e4rmetauscher\"}},{\"@type\":\"Offer\",\"itemOffered\":{\"@type\":\"ProductModel\",\"name\":\"Geschweisste plattenw\u00e4rmetauscher\"}},{\"@type\":\"Offer\",\"itemOffered\":{\"@type\":\"ProductModel\",\"name\":\"Platten- und mantelw\u00e4rmetauscher\"}},{\"@type\":\"Offer\",\"itemOffered\":{\"@type\":\"ProductModel\",\"name\":\"Rechteckrohr-w\u00e4rmetauscher\"}},{\"@type\":\"Offer\",\"itemOffered\":{\"@type\":\"ProductModel\",\"name\":\"Wickelrohrw\u00e4rmetauscher\"}},{\"@type\":\"Offer\",\"itemOffered\":{\"@type\":\"ProductModel\",\"name\":\"Gedruckte plattenw\u00e4rmetauscher\"}},{\"@type\":\"Offer\",\"itemOffered\":{\"@type\":\"ProductModel\",\"name\":\"Plattenw\u00e4rmetauscher\"}},{\"@type\":\"Offer\",\"itemOffered\":{\"@type\":\"ProductModel\",\"name\":\"Skid\"}}],\"knowsAbout\":[{\"@type\":\"Thing\",\"name\":\"W\u00e4rmetauscher\",\"sameAs\":\"https:\\\/\\\/de.wikipedia.org\\\/wiki\\\/W\u00e4rmetauscher\"},{\"@type\":\"Thing\",\"name\":\"Dekarbonisierung der Industrie\",\"sameAs\":\"https:\\\/\\\/de.wikipedia.org\\\/wiki\\\/Dekarbonisierung\"},{\"@type\":\"Thing\",\"name\":\"Abw\u00e4rmenutzung\",\"sameAs\":\"https:\\\/\\\/de.wikipedia.org\\\/wiki\\\/Abw\u00e4rmenutzung\"},{\"@type\":\"Thing\",\"name\":\"Energieeffizienz\",\"sameAs\":\"https:\\\/\\\/de.wikipedia.org\\\/wiki\\\/Wirkungsgrad\"},{\"@type\":\"Thing\",\"name\":\"W\u00e4rmetechnik\",\"sameAs\":\"https:\\\/\\\/de.wikipedia.org\\\/wiki\\\/W\u00e4rmetechnik\"},\"Optimierung der W\u00e4rme\u00fcbertragung\",\"R\u00fcckgewinnung von Abw\u00e4rme\",\"Reduzierung des CO2-Fu\u00dfabdrucks\",\"Tiefgreifende Dekarbonisierung\",\"Metallurgie und Pr\u00e4zisionsschwei\u00dfen\",\"Berechnung von Hochdruckstrukturen\",\"\u00d6l & gas raffinerie\",\"Chemie\",\"Schwere industrie\",\"Energie-erzeugung\",\"HVAC \\\/ HLK\",\"Zellstoff & papier\",\"Lebensmittel-rohstoffe\",\"Lebensmittel-produktion\",\"Pharma-zeutische\",\"K\u00e4ltetechnik\",\"Wasser-aufbereitung\",\"Saubere energie\",\"Kohlenstoff-abscheidung\",\"Maritim\"]}]}<\/script>\n<!-- \/ Yoast SEO plugin. -->","yoast_head_json":{"title":"Brosch\u00fcre anfordern cwhe de - nexson group","robots":{"index":"index","follow":"follow","max-snippet":"max-snippet:-1","max-image-preview":"max-image-preview:large","max-video-preview":"max-video-preview:-1"},"canonical":"https:\/\/www.nexson-group.com\/de\/produkte\/wickelrohrwaermetauscher\/cwhe\/brochure-request-cwhe-en\/","og_locale":"de_DE","og_type":"article","og_title":"Brosch\u00fcre anfordern CWHE DE - Nexson Group","og_description":"Brosch\u00fcre anfordern cwhe de","og_url":"https:\/\/www.nexson-group.com\/de\/produkte\/wickelrohrwaermetauscher\/cwhe\/brochure-request-cwhe-en\/","og_site_name":"Nexson Group","article_modified_time":"2025-07-09T12:12:31+00:00","og_image":[{"width":2327,"height":2560,"url":"https:\/\/www.nexson-group.com\/wp-content\/uploads\/2025\/05\/CWHE-scaled-1.avif","type":"image\/jpeg"}],"twitter_card":"summary_large_image","schema":{"@context":"https:\/\/schema.org","@graph":[{"@type":"WebPage","@id":"https:\/\/www.nexson-group.com\/de\/produkte\/wickelrohrwaermetauscher\/cwhe\/brochure-request-cwhe-en\/","url":"https:\/\/www.nexson-group.com\/de\/produkte\/wickelrohrwaermetauscher\/cwhe\/brochure-request-cwhe-en\/","name":"Brosch\u00fcre anfordern CWHE DE - Nexson Group","isPartOf":{"@id":"https:\/\/www.nexson-group.com\/de\/#website"},"primaryImageOfPage":{"@id":"https:\/\/www.nexson-group.com\/de\/produkte\/wickelrohrwaermetauscher\/cwhe\/brochure-request-cwhe-en\/#primaryimage"},"image":{"@id":"https:\/\/www.nexson-group.com\/de\/produkte\/wickelrohrwaermetauscher\/cwhe\/brochure-request-cwhe-en\/#primaryimage"},"thumbnailUrl":"https:\/\/www.nexson-group.com\/wp-content\/uploads\/2025\/05\/CWHE-scaled-1.avif","datePublished":"2025-05-09T12:55:05+00:00","dateModified":"2025-07-09T12:12:31+00:00","breadcrumb":{"@id":"https:\/\/www.nexson-group.com\/de\/produkte\/wickelrohrwaermetauscher\/cwhe\/brochure-request-cwhe-en\/#breadcrumb"},"inLanguage":"de","potentialAction":[{"@type":"ReadAction","target":["https:\/\/www.nexson-group.com\/de\/produkte\/wickelrohrwaermetauscher\/cwhe\/brochure-request-cwhe-en\/"]}]},{"@type":"ImageObject","inLanguage":"de","@id":"https:\/\/www.nexson-group.com\/de\/produkte\/wickelrohrwaermetauscher\/cwhe\/brochure-request-cwhe-en\/#primaryimage","url":"https:\/\/www.nexson-group.com\/wp-content\/uploads\/2025\/05\/CWHE-scaled-1.avif","contentUrl":"https:\/\/www.nexson-group.com\/wp-content\/uploads\/2025\/05\/CWHE-scaled-1.avif","width":2327,"height":2560,"caption":"COIL WOUND HEAT EXCHANGER"},{"@type":"BreadcrumbList","@id":"https:\/\/www.nexson-group.com\/de\/produkte\/wickelrohrwaermetauscher\/cwhe\/brochure-request-cwhe-en\/#breadcrumb","itemListElement":[{"@type":"ListItem","position":1,"name":"Accueil","item":"https:\/\/www.nexson-group.com\/de\/home\/"},{"@type":"ListItem","position":2,"name":"Produkte","item":"https:\/\/www.nexson-group.com\/de\/produkte\/"},{"@type":"ListItem","position":3,"name":"Wickelrohrw\u00e4rmetauscher","item":"https:\/\/www.nexson-group.com\/de\/produkte\/wickelrohrwaermetauscher\/"},{"@type":"ListItem","position":4,"name":"Cwhe","item":"https:\/\/www.nexson-group.com\/de\/produkte\/wickelrohrwaermetauscher\/cwhe\/"},{"@type":"ListItem","position":5,"name":"Brosch\u00fcre anfordern cwhe de"}]},{"@type":"WebSite","@id":"https:\/\/www.nexson-group.com\/de\/#website","url":"https:\/\/www.nexson-group.com\/de\/","name":"Nexson Group","description":"","publisher":{"@id":"https:\/\/www.nexson-group.com\/de\/#organization"},"potentialAction":[{"@type":"SearchAction","target":{"@type":"EntryPoint","urlTemplate":"https:\/\/www.nexson-group.com\/de\/?s={search_term_string}"},"query-input":{"@type":"PropertyValueSpecification","valueRequired":true,"valueName":"search_term_string"}}],"inLanguage":"de"},{"@type":"Organization","@id":"https:\/\/www.nexson-group.com\/de\/#organization","name":"Nexson Group","url":"https:\/\/www.nexson-group.com\/de\/","logo":{"@type":"ImageObject","inLanguage":"de","@id":"https:\/\/www.nexson-group.com\/de\/#\/schema\/logo\/image\/","url":"https:\/\/www.nexson-group.com\/wp-content\/uploads\/2025\/04\/logo_Group_Nexson_blanc-01.png","contentUrl":"https:\/\/www.nexson-group.com\/wp-content\/uploads\/2025\/04\/logo_Group_Nexson_blanc-01.png","width":1846,"height":580,"caption":"Nexson Group"},"image":{"@id":"https:\/\/www.nexson-group.com\/de\/#\/schema\/logo\/image\/"},"legalName":"Nexson Group SAS","vatID":"FR38530572775","taxID":"53057277500027","euid":"FR5802.530572775","foundingDate":"2011","areaServed":"World","telephone":"+33386601304","address":{"@type":"PostalAddress","streetAddress":"685 Rue Jules Verne","addressLocality":"Garchizy","postalCode":"58600","addressCountry":"FR"},"hasCredential":[{"@type":"EducationalOccupationalCredential","name":"ISO 9001:2015","credentialCategory":"Certification"},{"@type":"EducationalOccupationalCredential","name":"ASME U-Stamp","credentialCategory":"Certification"},{"@type":"EducationalOccupationalCredential","name":"ASME R-Stamp","credentialCategory":"Certification"},{"@type":"EducationalOccupationalCredential","name":"UNI EN ISO 3834-2:2021","credentialCategory":"Certification"},{"@type":"EducationalOccupationalCredential","name":"PED 2014\/68\/EU","credentialCategory":"Certification"}],"sameAs":["https:\/\/www.linkedin.com\/company\/nexson-group\/","https:\/\/www.youtube.com\/@nexsongroup2709","https:\/\/www.facebook.com\/NexsonGroup\/"],"parentOrganization":{"@type":"Organization","name":"thermowave","url":"https:\/\/www.thermowave.eu"},"description":"F\u00fchrender franz\u00f6sischer Hersteller, Experte f\u00fcr die Entwicklung und Herstellung von geschwei\u00dften Plattenw\u00e4rmetauschern.","makesOffer":[{"@type":"Offer","itemOffered":{"@type":"ProductModel","name":"Spiralplattenw\u00e4rmetauscher"}},{"@type":"Offer","itemOffered":{"@type":"ProductModel","name":"Geschweisste plattenw\u00e4rmetauscher"}},{"@type":"Offer","itemOffered":{"@type":"ProductModel","name":"Platten- und mantelw\u00e4rmetauscher"}},{"@type":"Offer","itemOffered":{"@type":"ProductModel","name":"Rechteckrohr-w\u00e4rmetauscher"}},{"@type":"Offer","itemOffered":{"@type":"ProductModel","name":"Wickelrohrw\u00e4rmetauscher"}},{"@type":"Offer","itemOffered":{"@type":"ProductModel","name":"Gedruckte plattenw\u00e4rmetauscher"}},{"@type":"Offer","itemOffered":{"@type":"ProductModel","name":"Plattenw\u00e4rmetauscher"}},{"@type":"Offer","itemOffered":{"@type":"ProductModel","name":"Skid"}}],"knowsAbout":[{"@type":"Thing","name":"W\u00e4rmetauscher","sameAs":"https:\/\/de.wikipedia.org\/wiki\/W\u00e4rmetauscher"},{"@type":"Thing","name":"Dekarbonisierung der Industrie","sameAs":"https:\/\/de.wikipedia.org\/wiki\/Dekarbonisierung"},{"@type":"Thing","name":"Abw\u00e4rmenutzung","sameAs":"https:\/\/de.wikipedia.org\/wiki\/Abw\u00e4rmenutzung"},{"@type":"Thing","name":"Energieeffizienz","sameAs":"https:\/\/de.wikipedia.org\/wiki\/Wirkungsgrad"},{"@type":"Thing","name":"W\u00e4rmetechnik","sameAs":"https:\/\/de.wikipedia.org\/wiki\/W\u00e4rmetechnik"},"Optimierung der W\u00e4rme\u00fcbertragung","R\u00fcckgewinnung von Abw\u00e4rme","Reduzierung des CO2-Fu\u00dfabdrucks","Tiefgreifende Dekarbonisierung","Metallurgie und Pr\u00e4zisionsschwei\u00dfen","Berechnung von Hochdruckstrukturen","\u00d6l & gas raffinerie","Chemie","Schwere industrie","Energie-erzeugung","HVAC \/ HLK","Zellstoff & papier","Lebensmittel-rohstoffe","Lebensmittel-produktion","Pharma-zeutische","K\u00e4ltetechnik","Wasser-aufbereitung","Saubere energie","Kohlenstoff-abscheidung","Maritim"]}]}},"_links":{"self":[{"href":"https:\/\/www.nexson-group.com\/de\/wp-json\/wp\/v2\/pages\/79339","targetHints":{"allow":["GET"]}}],"collection":[{"href":"https:\/\/www.nexson-group.com\/de\/wp-json\/wp\/v2\/pages"}],"about":[{"href":"https:\/\/www.nexson-group.com\/de\/wp-json\/wp\/v2\/types\/page"}],"author":[{"embeddable":true,"href":"https:\/\/www.nexson-group.com\/de\/wp-json\/wp\/v2\/users\/2"}],"replies":[{"embeddable":true,"href":"https:\/\/www.nexson-group.com\/de\/wp-json\/wp\/v2\/comments?post=79339"}],"version-history":[{"count":0,"href":"https:\/\/www.nexson-group.com\/de\/wp-json\/wp\/v2\/pages\/79339\/revisions"}],"up":[{"embeddable":true,"href":"https:\/\/www.nexson-group.com\/de\/wp-json\/wp\/v2\/pages\/80011"}],"wp:featuredmedia":[{"embeddable":true,"href":"https:\/\/www.nexson-group.com\/de\/wp-json\/wp\/v2\/media\/76584"}],"wp:attachment":[{"href":"https:\/\/www.nexson-group.com\/de\/wp-json\/wp\/v2\/media?parent=79339"}],"curies":[{"name":"wp","href":"https:\/\/api.w.org\/{rel}","templated":true}]}}